{"id":12928,"date":"2025-09-23T11:52:57","date_gmt":"2025-09-23T09:52:57","guid":{"rendered":"https:\/\/hycleaner.blackpeppers.de\/impressum\/"},"modified":"2025-11-06T22:36:23","modified_gmt":"2025-11-06T21:36:23","slug":"impressum","status":"publish","type":"page","link":"https:\/\/hycleaner.blackpeppers.de\/nl\/impressum\/","title":{"rendered":"Impressum"},"content":{"rendered":"\t\t<div data-elementor-type=\"wp-page\" data-elementor-id=\"12928\" class=\"elementor elementor-12928 elementor-2545\" data-elementor-post-type=\"page\">\n\t\t\t\t<div class=\"elementor-element elementor-element-aa2542d e-con-full e-flex e-con e-parent\" data-id=\"aa2542d\" data-element_type=\"container\">\n\t\t\t\t<div class=\"elementor-element elementor-element-6fb6bb3 elementor-widget elementor-widget-heading\" data-id=\"6fb6bb3\" data-element_type=\"widget\" data-widget_type=\"heading.default\">\n\t\t\t\t<div class=\"elementor-widget-container\">\n\t\t\t\t\t<h1 class=\"elementor-heading-title elementor-size-default\">Impressum<\/h1>\t\t\t\t<\/div>\n\t\t\t\t<\/div>\n\t\t\t\t<div class=\"elementor-element elementor-element-21047dc elementor-widget elementor-widget-text-editor\" data-id=\"21047dc\" data-element_type=\"widget\" data-widget_type=\"text-editor.default\">\n\t\t\t\t<div class=\"elementor-widget-container\">\n\t\t\t\t\t\t\t\t\t<p><strong>Gegevens conform \u00a7 5 Digitale-Dienste-Gesetz (DDG)<\/strong><\/p>\t\t\t\t\t\t\t\t<\/div>\n\t\t\t\t<\/div>\n\t\t\t\t<\/div>\n\t\t<div class=\"elementor-element elementor-element-1391edb e-con-full e-flex e-con e-parent\" data-id=\"1391edb\" data-element_type=\"container\" data-settings=\"{&quot;background_background&quot;:&quot;classic&quot;}\">\n\t\t\t\t<div class=\"elementor-element elementor-element-ebf860e elementor-widget elementor-widget-text-editor\" data-id=\"ebf860e\" data-element_type=\"widget\" data-widget_type=\"text-editor.default\">\n\t\t\t\t<div class=\"elementor-widget-container\">\n\t\t\t\t\t\t\t\t\t<p>hyCLEANER GmbH &amp; Co. KG<br>Maybachstra\u00dfe 6<br>D-48599 Gronau<br>Duitsland<\/p><p>Telefoon: +49 2562 99254 0<br>Fax: +49 2562 99254 10<br>E-mail: <a href=\"mailto:info@hycleaner.de\">info@hycleaner.de<\/a><br>Web: <a href=\"https:\/\/hycleaner.de\" target=\"_blank\" rel=\"noopener\">https:\/\/hycleaner.de<\/a><\/p><h2>Vertegenwoordigingsbevoegden<\/h2><p>Vertegenwoordigingsbevoegde gesch\u00e4ftsf\u00fchrer(s) van de complementaire GmbH:<br>Celina Kneiber, Josha Kneiber<\/p><h2>Registerinschrijving<\/h2><p>Ingeschreven in het handelsregister bij het Amtsgericht Coesfeld<br>Registernummer: HRA 9709 (hyCLEANER GmbH &amp; Co. KG)<\/p><p>Persoonlijk aansprakelijke vennote (complementaire):<br>hyCLEANER Verwaltungs-GmbH<br>Maybachstra\u00dfe 6, 48599 Gronau<br>Registergericht: Amtsgericht Coesfeld<br>Registernummer: HRB 21182<\/p><h2>BTW-ID<\/h2><p>BTW-identificatienummer conform \u00a7 27a UStG: DE278650563<\/p><h2>Verantwoordelijk voor de inhoud volgens \u00a7 18 Abs. 2 MStV <\/h2><p>hyCLEANER GmbH &amp; Co. KG<br>Maybachstra\u00dfe 6<br>D-48599 Gronau<\/p><h2>Consumentengeschillenbeslechting \/ Universele bemiddelingsinstantie<\/h2><p>Wij zijn niet bereid en niet verplicht om deel te nemen aan geschillenbeslechtingsprocedures voor een consumentenbemiddelingsinstantie.<\/p><h2>Aansprakelijkheidsuitsluitng (Disclaimer)<\/h2><h3>Aansprakelijkheid voor inhoud<\/h3><p>Als dienstverlener zijn wij conform \u00a7 7 Abs. 1 DDG (voorheen TMG) voor eigen inhoud op deze pagina&#8217;s verantwoordelijk volgens de algemene wetten.<br>Volgens \u00a7\u00a7 8 tot 10 DDG zijn wij echter niet verplicht om doorgestuurde of opgeslagen externe informatie te controleren of te onderzoeken naar omstandigheden die wijzen op onrechtmatige activiteiten.<br>Verplichtingen tot verwijdering of blokkering van het gebruik van informatie volgens de algemene wetten blijven hiervan onverlet.<br>Aansprakelijkheid is echter pas mogelijk vanaf het moment van kennis van een concrete rechtsinbreuk.<br>Bij bekendwording van dergelijke rechtsinbreuken zullen wij deze inhoud onmiddellijk verwijderen. <\/p><h3>Aansprakelijkheid voor links<\/h3><p>Ons aanbod bevat links naar externe websites van derden, waarop wij geen invloed hebben.<br>Daarom kunnen wij voor deze externe inhoud geen garantie overnemen.<br>Voor de inhoud van de gelinkte pagina&#8217;s is steeds de respectievelijke aanbieder of beheerder verantwoordelijk.<br>De gelinkte pagina&#8217;s werden ten tijde van de linking gecontroleerd op mogelijke rechtsinbreuken; onrechtmatige inhoud was op dat moment niet herkenbaar.<br>Een permanente inhoudelijke controle van de gelinkte pagina&#8217;s is echter zonder concrete aanwijzingen van een rechtsinbreuk niet redelijk.<br>Bij bekendwording van rechtsinbreuken zullen wij dergelijke links onmiddellijk verwijderen.<\/p><h2>Auteursrecht<\/h2><p>De door de sitebeheerders gecre\u00eberde inhoud en werken op deze pagina&#8217;s vallen onder het Duitse auteursrecht.<br>Verveelvoudiging, bewerking, verspreiding en elke vorm van exploitatie buiten de grenzen van het auteursrecht vereisen schriftelijke toestemming van de respectievelijke auteurs.<br>Downloads en kopie\u00ebn van deze pagina zijn alleen toegestaan voor priv\u00e9, niet-commercieel gebruik.<br>Voor zover de inhoud op deze pagina niet door de beheerder is gecre\u00eberd, worden de auteursrechten van derden gerespecteerd en wordt inhoud van derden als zodanig gemarkeerd.<br>Mocht u desondanks een auteursrechtinbreuk opmerken, verzoeken wij u om een overeenkomstige melding.<br>Bij bekendwording van rechtsinbreuken zal dergelijke inhoud onmiddellijk worden verwijderd.<\/p><h2>Beeldcredits<\/h2><p>De op deze website gebruikte afbeeldingen zijn afkomstig van:<br>\u2013 hyCLEANER GmbH &amp; Co. KG<br>\u2013 iStockphoto LP<br>\u2013 Fotolia.com<\/p><h2>Rechtsgeldigheid van dit impressum<\/h2><p>Dit impressum geldt ook voor de volgende onlineaanwezigheden en social media-profielen van hyCLEANER GmbH &amp; Co. KG, voor zover aanwezig:<br>\u2013 <a href=\"https:\/\/www.instagram.com\/hycleaner\" target=\"_blank\" rel=\"noopener\">Instagram<\/a><br>\u2013 <a href=\"https:\/\/www.linkedin.com\/company\/hycleaner\" target=\"_blank\" rel=\"noopener\">LinkedIn<\/a><br>\u2013 <a href=\"https:\/\/www.youtube.com\/@hycleaner\" target=\"_blank\" rel=\"noopener\">YouTube<\/a><\/p><p>\u00a9 2025 hyCLEANER GmbH &amp; Co. KG. Alle rechten voorbehouden. <\/p>\t\t\t\t\t\t\t\t<\/div>\n\t\t\t\t<\/div>\n\t\t\t\t<\/div>\n\t\t\t\t<\/div>\n\t\t","protected":false},"excerpt":{"rendered":"<p>Impressum Gegevens conform \u00a7 5 Digitale-Dienste-Gesetz (DDG) hyCLEANER GmbH &amp; Co. KGMaybachstra\u00dfe 6D-48599 GronauDuitsland Telefoon: +49 2562 99254 0Fax: +49 2562 99254 10E-mail: info@hycleaner.deWeb: https:\/\/hycleaner.de Vertegenwoordigingsbevoegden Vertegenwoordigingsbevoegde gesch\u00e4ftsf\u00fchrer(s) van de complementaire GmbH:Celina Kneiber, Josha Kneiber Registerinschrijving Ingeschreven in het handelsregister bij het Amtsgericht CoesfeldRegisternummer: HRA 9709 (hyCLEANER GmbH &amp; Co. KG) Persoonlijk aansprakelijke vennote (complementaire):hyCLEANER [&hellip;]<\/p>\n","protected":false},"author":1,"featured_media":0,"parent":0,"menu_order":100,"comment_status":"closed","ping_status":"closed","template":"","meta":{"footnotes":"","_links_to":"","_links_to_target":""},"class_list":["post-12928","page","type-page","status-publish","hentry"],"yoast_head":"<!-- This site is optimized with the Yoast SEO plugin v26.5 - https:\/\/yoast.com\/wordpress\/plugins\/seo\/ -->\n<title>Impressum | hyCLEANER<\/title>\n<meta name=\"description\" content=\"Impressum van hyCLEANER GmbH &amp; Co. KG met contact, vertegenwoordiging, registergegevens en aansprakelijkheidsverwijzingen conform wettelijke aanbiederidentificatie.\" \/>\n<meta name=\"robots\" content=\"noindex, nofollow\" \/>\n<meta property=\"og:locale\" content=\"nl_NL\" \/>\n<meta property=\"og:type\" content=\"article\" \/>\n<meta property=\"og:title\" content=\"Impressum | hyCLEANER\" \/>\n<meta property=\"og:description\" content=\"Impressum van hyCLEANER GmbH &amp; Co. KG met contact, vertegenwoordiging, registergegevens en aansprakelijkheidsverwijzingen conform wettelijke aanbiederidentificatie.\" \/>\n<meta property=\"og:url\" content=\"https:\/\/hycleaner.blackpeppers.de\/nl\/impressum\/\" \/>\n<meta property=\"og:site_name\" content=\"hyCLEANER\u00ae\" \/>\n<meta property=\"article:modified_time\" content=\"2025-11-06T21:36:23+00:00\" \/>\n<meta name=\"twitter:card\" content=\"summary_large_image\" \/>\n<meta name=\"twitter:label1\" content=\"Geschatte leestijd\" \/>\n\t<meta name=\"twitter:data1\" content=\"2 minuten\" \/>\n<script type=\"application\/ld+json\" class=\"yoast-schema-graph\">{\"@context\":\"https:\/\/schema.org\",\"@graph\":[{\"@type\":\"WebPage\",\"@id\":\"https:\/\/hycleaner.blackpeppers.de\/nl\/impressum\/\",\"url\":\"https:\/\/hycleaner.blackpeppers.de\/nl\/impressum\/\",\"name\":\"Impressum | hyCLEANER\",\"isPartOf\":{\"@id\":\"https:\/\/hycleaner.blackpeppers.de\/nl\/#website\"},\"datePublished\":\"2025-09-23T09:52:57+00:00\",\"dateModified\":\"2025-11-06T21:36:23+00:00\",\"description\":\"Impressum van hyCLEANER GmbH & Co. KG met contact, vertegenwoordiging, registergegevens en aansprakelijkheidsverwijzingen conform wettelijke aanbiederidentificatie.\",\"breadcrumb\":{\"@id\":\"https:\/\/hycleaner.blackpeppers.de\/nl\/impressum\/#breadcrumb\"},\"inLanguage\":\"nl-NL\",\"potentialAction\":[{\"@type\":\"ReadAction\",\"target\":[\"https:\/\/hycleaner.blackpeppers.de\/nl\/impressum\/\"]}]},{\"@type\":\"BreadcrumbList\",\"@id\":\"https:\/\/hycleaner.blackpeppers.de\/nl\/impressum\/#breadcrumb\",\"itemListElement\":[{\"@type\":\"ListItem\",\"position\":1,\"name\":\"Startseite\",\"item\":\"https:\/\/hycleaner.blackpeppers.de\/nl\/\"},{\"@type\":\"ListItem\",\"position\":2,\"name\":\"Impressum\"}]},{\"@type\":\"WebSite\",\"@id\":\"https:\/\/hycleaner.blackpeppers.de\/nl\/#website\",\"url\":\"https:\/\/hycleaner.blackpeppers.de\/nl\/\",\"name\":\"hyCLEANER\u00ae\",\"description\":\"Experte f\u00fcr Reinigungsroboter\",\"publisher\":{\"@id\":\"https:\/\/hycleaner.blackpeppers.de\/nl\/#organization\"},\"potentialAction\":[{\"@type\":\"SearchAction\",\"target\":{\"@type\":\"EntryPoint\",\"urlTemplate\":\"https:\/\/hycleaner.blackpeppers.de\/nl\/?s={search_term_string}\"},\"query-input\":{\"@type\":\"PropertyValueSpecification\",\"valueRequired\":true,\"valueName\":\"search_term_string\"}}],\"inLanguage\":\"nl-NL\"},{\"@type\":\"Organization\",\"@id\":\"https:\/\/hycleaner.blackpeppers.de\/nl\/#organization\",\"name\":\"hyCLEANER\u00ae\",\"url\":\"https:\/\/hycleaner.blackpeppers.de\/nl\/\",\"logo\":{\"@type\":\"ImageObject\",\"inLanguage\":\"nl-NL\",\"@id\":\"https:\/\/hycleaner.blackpeppers.de\/nl\/#\/schema\/logo\/image\/\",\"url\":\"https:\/\/hycleaner.blackpeppers.de\/wp-content\/uploads\/2025\/08\/hyCLEANER_Logo-1.webp\",\"contentUrl\":\"https:\/\/hycleaner.blackpeppers.de\/wp-content\/uploads\/2025\/08\/hyCLEANER_Logo-1.webp\",\"width\":351,\"height\":99,\"caption\":\"hyCLEANER\u00ae\"},\"image\":{\"@id\":\"https:\/\/hycleaner.blackpeppers.de\/nl\/#\/schema\/logo\/image\/\"}}]}<\/script>\n<!-- \/ Yoast SEO plugin. -->","yoast_head_json":{"title":"Impressum | hyCLEANER","description":"Impressum van hyCLEANER GmbH & Co. KG met contact, vertegenwoordiging, registergegevens en aansprakelijkheidsverwijzingen conform wettelijke aanbiederidentificatie.","robots":{"index":"noindex","follow":"nofollow"},"og_locale":"nl_NL","og_type":"article","og_title":"Impressum | hyCLEANER","og_description":"Impressum van hyCLEANER GmbH & Co. KG met contact, vertegenwoordiging, registergegevens en aansprakelijkheidsverwijzingen conform wettelijke aanbiederidentificatie.","og_url":"https:\/\/hycleaner.blackpeppers.de\/nl\/impressum\/","og_site_name":"hyCLEANER\u00ae","article_modified_time":"2025-11-06T21:36:23+00:00","twitter_card":"summary_large_image","twitter_misc":{"Geschatte leestijd":"2 minuten"},"schema":{"@context":"https:\/\/schema.org","@graph":[{"@type":"WebPage","@id":"https:\/\/hycleaner.blackpeppers.de\/nl\/impressum\/","url":"https:\/\/hycleaner.blackpeppers.de\/nl\/impressum\/","name":"Impressum | hyCLEANER","isPartOf":{"@id":"https:\/\/hycleaner.blackpeppers.de\/nl\/#website"},"datePublished":"2025-09-23T09:52:57+00:00","dateModified":"2025-11-06T21:36:23+00:00","description":"Impressum van hyCLEANER GmbH & Co. KG met contact, vertegenwoordiging, registergegevens en aansprakelijkheidsverwijzingen conform wettelijke aanbiederidentificatie.","breadcrumb":{"@id":"https:\/\/hycleaner.blackpeppers.de\/nl\/impressum\/#breadcrumb"},"inLanguage":"nl-NL","potentialAction":[{"@type":"ReadAction","target":["https:\/\/hycleaner.blackpeppers.de\/nl\/impressum\/"]}]},{"@type":"BreadcrumbList","@id":"https:\/\/hycleaner.blackpeppers.de\/nl\/impressum\/#breadcrumb","itemListElement":[{"@type":"ListItem","position":1,"name":"Startseite","item":"https:\/\/hycleaner.blackpeppers.de\/nl\/"},{"@type":"ListItem","position":2,"name":"Impressum"}]},{"@type":"WebSite","@id":"https:\/\/hycleaner.blackpeppers.de\/nl\/#website","url":"https:\/\/hycleaner.blackpeppers.de\/nl\/","name":"hyCLEANER\u00ae","description":"Experte f\u00fcr Reinigungsroboter","publisher":{"@id":"https:\/\/hycleaner.blackpeppers.de\/nl\/#organization"},"potentialAction":[{"@type":"SearchAction","target":{"@type":"EntryPoint","urlTemplate":"https:\/\/hycleaner.blackpeppers.de\/nl\/?s={search_term_string}"},"query-input":{"@type":"PropertyValueSpecification","valueRequired":true,"valueName":"search_term_string"}}],"inLanguage":"nl-NL"},{"@type":"Organization","@id":"https:\/\/hycleaner.blackpeppers.de\/nl\/#organization","name":"hyCLEANER\u00ae","url":"https:\/\/hycleaner.blackpeppers.de\/nl\/","logo":{"@type":"ImageObject","inLanguage":"nl-NL","@id":"https:\/\/hycleaner.blackpeppers.de\/nl\/#\/schema\/logo\/image\/","url":"https:\/\/hycleaner.blackpeppers.de\/wp-content\/uploads\/2025\/08\/hyCLEANER_Logo-1.webp","contentUrl":"https:\/\/hycleaner.blackpeppers.de\/wp-content\/uploads\/2025\/08\/hyCLEANER_Logo-1.webp","width":351,"height":99,"caption":"hyCLEANER\u00ae"},"image":{"@id":"https:\/\/hycleaner.blackpeppers.de\/nl\/#\/schema\/logo\/image\/"}}]}},"_links":{"self":[{"href":"https:\/\/hycleaner.blackpeppers.de\/nl\/wp-json\/wp\/v2\/pages\/12928","targetHints":{"allow":["GET"]}}],"collection":[{"href":"https:\/\/hycleaner.blackpeppers.de\/nl\/wp-json\/wp\/v2\/pages"}],"about":[{"href":"https:\/\/hycleaner.blackpeppers.de\/nl\/wp-json\/wp\/v2\/types\/page"}],"author":[{"embeddable":true,"href":"https:\/\/hycleaner.blackpeppers.de\/nl\/wp-json\/wp\/v2\/users\/1"}],"replies":[{"embeddable":true,"href":"https:\/\/hycleaner.blackpeppers.de\/nl\/wp-json\/wp\/v2\/comments?post=12928"}],"version-history":[{"count":1,"href":"https:\/\/hycleaner.blackpeppers.de\/nl\/wp-json\/wp\/v2\/pages\/12928\/revisions"}],"predecessor-version":[{"id":12930,"href":"https:\/\/hycleaner.blackpeppers.de\/nl\/wp-json\/wp\/v2\/pages\/12928\/revisions\/12930"}],"wp:attachment":[{"href":"https:\/\/hycleaner.blackpeppers.de\/nl\/wp-json\/wp\/v2\/media?parent=12928"}],"curies":[{"name":"wp","href":"https:\/\/api.w.org\/{rel}","templated":true}]}}