{"id":11951,"date":"2025-09-23T11:52:57","date_gmt":"2025-09-23T09:52:57","guid":{"rendered":"https:\/\/hycleaner.blackpeppers.de\/mentions-legales\/"},"modified":"2025-11-06T14:22:05","modified_gmt":"2025-11-06T13:22:05","slug":"mentions-legales","status":"publish","type":"page","link":"https:\/\/hycleaner.blackpeppers.de\/fr\/mentions-legales\/","title":{"rendered":"Mentions l\u00e9gales"},"content":{"rendered":"\t\t<div data-elementor-type=\"wp-page\" data-elementor-id=\"11951\" class=\"elementor elementor-11951 elementor-2545\" data-elementor-post-type=\"page\">\n\t\t\t\t<div class=\"elementor-element elementor-element-aa2542d e-con-full e-flex e-con e-parent\" data-id=\"aa2542d\" data-element_type=\"container\">\n\t\t\t\t<div class=\"elementor-element elementor-element-6fb6bb3 elementor-widget elementor-widget-heading\" data-id=\"6fb6bb3\" data-element_type=\"widget\" data-widget_type=\"heading.default\">\n\t\t\t\t<div class=\"elementor-widget-container\">\n\t\t\t\t\t<h1 class=\"elementor-heading-title elementor-size-default\">Mentions l\u00e9gales<\/h1>\t\t\t\t<\/div>\n\t\t\t\t<\/div>\n\t\t\t\t<div class=\"elementor-element elementor-element-21047dc elementor-widget elementor-widget-text-editor\" data-id=\"21047dc\" data-element_type=\"widget\" data-widget_type=\"text-editor.default\">\n\t\t\t\t<div class=\"elementor-widget-container\">\n\t\t\t\t\t\t\t\t\t<p><strong>Informations conform\u00e9ment au \u00a7 5 de la loi sur les services num\u00e9riques (DDG)<\/strong><\/p>\t\t\t\t\t\t\t\t<\/div>\n\t\t\t\t<\/div>\n\t\t\t\t<\/div>\n\t\t<div class=\"elementor-element elementor-element-1391edb e-con-full e-flex e-con e-parent\" data-id=\"1391edb\" data-element_type=\"container\" data-settings=\"{&quot;background_background&quot;:&quot;classic&quot;}\">\n\t\t\t\t<div class=\"elementor-element elementor-element-ebf860e elementor-widget elementor-widget-text-editor\" data-id=\"ebf860e\" data-element_type=\"widget\" data-widget_type=\"text-editor.default\">\n\t\t\t\t<div class=\"elementor-widget-container\">\n\t\t\t\t\t\t\t\t\t<p>hyCLEANER GmbH &amp; Co. KG<br>Maybachstra\u00dfe 6<br>D-48599 Gronau<br>Allemagne<\/p><p>T\u00e9l\u00e9phone&nbsp;: +49&nbsp;2562&nbsp;99254&nbsp;0<br>T\u00e9l\u00e9copie&nbsp;: +49&nbsp;2562&nbsp;99254&nbsp;10<br>E-mail&nbsp;: <a href=\"mailto:info@hycleaner.de\">info@hycleaner.de<\/a><br>Web&nbsp;: <a href=\"https:\/\/hycleaner.de\" target=\"_blank\" rel=\"noopener\">https:\/\/hycleaner.de<\/a><\/p><h2>Personnes autoris\u00e9es \u00e0 repr\u00e9senter la soci\u00e9t\u00e9<\/h2><p>Directeurs g\u00e9n\u00e9raux autoris\u00e9s \u00e0 repr\u00e9senter la soci\u00e9t\u00e9 (Komplement\u00e4r-GmbH)&nbsp;:<br>Celina Kneiber, Josha Kneiber<\/p><h2>Inscription au registre<\/h2><p>Inscrite au registre du commerce du tribunal d\u2019instance de Coesfeld<br>Num\u00e9ro d\u2019enregistrement&nbsp;: HRA&nbsp;9709 (hyCLEANER GmbH &amp; Co. KG)<\/p><p>Associ\u00e9e commandit\u00e9e personnellement responsable (Komplement\u00e4rin)&nbsp;:<br>hyCLEANER Verwaltungs-GmbH<br>Maybachstra\u00dfe&nbsp;6, 48599&nbsp;Gronau<br>Tribunal comp\u00e9tent&nbsp;: Tribunal d\u2019instance de Coesfeld<br>Num\u00e9ro d\u2019enregistrement&nbsp;: HRB&nbsp;21182<\/p><h2>Num\u00e9ro d\u2019identification TVA<\/h2><p>Num\u00e9ro d\u2019identification TVA conform\u00e9ment au \u00a7&nbsp;27a de la loi allemande sur la taxe sur le chiffre d\u2019affaires (UStG)&nbsp;: DE278650563<\/p><h2>Responsable du contenu selon \u00a7&nbsp;18 alin\u00e9a&nbsp;2 MStV <\/h2><p>hyCLEANER GmbH &amp; Co. KG<br>Maybachstra\u00dfe&nbsp;6<br>D-48599&nbsp;Gronau<\/p><h2>R\u00e8glement des litiges de consommation \/ Organisme de conciliation universel<\/h2><p>Nous ne sommes ni dispos\u00e9s ni tenus de participer \u00e0 des proc\u00e9dures de r\u00e8glement des litiges devant un organisme de conciliation des consommateurs.<\/p><h2>Exclusion de responsabilit\u00e9 (Disclaimer)<\/h2><h3>Responsabilit\u00e9 pour les contenus<\/h3><p>En tant que prestataire de services, nous sommes responsables de nos propres contenus sur ces pages conform\u00e9ment au \u00a7&nbsp;7 alin\u00e9a&nbsp;1 DDG (anciennement TMG) et aux lois g\u00e9n\u00e9rales.<br>Cependant, conform\u00e9ment aux \u00a7\u00a7&nbsp;8 \u00e0 10 DDG, nous ne sommes pas tenus de surveiller les informations externes transmises ou enregistr\u00e9es, ni de rechercher les circonstances qui indiquent une activit\u00e9 ill\u00e9gale.<br>Les obligations de supprimer ou de bloquer l\u2019utilisation des informations conform\u00e9ment aux lois g\u00e9n\u00e9rales n\u2019en sont pas affect\u00e9es.<br>Toutefois, la responsabilit\u00e9 n\u2019est possible qu\u2019\u00e0 partir du moment o\u00f9 une violation concr\u00e8te de la loi est connue.<br>Si nous prenons connaissance de telles violations de la loi, nous supprimerons imm\u00e9diatement ces contenus. <\/p><h3>Responsabilit\u00e9 pour les liens<\/h3><p>Notre offre contient des liens vers des sites web externes de tiers sur le contenu desquels nous n\u2019avons aucune influence.<br>Par cons\u00e9quent, nous ne pouvons assumer aucune responsabilit\u00e9 pour ces contenus externes.<br>Le fournisseur ou l\u2019exploitant respectif est toujours responsable du contenu des pages li\u00e9es.<br>Les pages li\u00e9es ont \u00e9t\u00e9 v\u00e9rifi\u00e9es au moment de la cr\u00e9ation du lien afin de d\u00e9tecter d\u2019\u00e9ventuelles violations de la loi&nbsp;; aucun contenu ill\u00e9gal n\u2019\u00e9tait reconnaissable au moment de la cr\u00e9ation du lien.<br>Toutefois, un contr\u00f4le permanent du contenu des pages li\u00e9es n\u2019est pas raisonnable sans indication concr\u00e8te d\u2019une violation de la loi.<br>Si nous prenons connaissance de violations de la loi, nous supprimerons imm\u00e9diatement ces liens.<\/p><h2>Droit d\u2019auteur<\/h2><p>Les contenus et \u0153uvres cr\u00e9\u00e9s par les exploitants du site sur ces pages sont soumis au droit d\u2019auteur allemand.<br>La reproduction, le traitement, la distribution et toute forme d\u2019exploitation en dehors des limites du droit d\u2019auteur n\u00e9cessitent l\u2019accord \u00e9crit de l\u2019auteur respectif.<br>Les t\u00e9l\u00e9chargements et les copies de cette page ne sont autoris\u00e9s que pour un usage priv\u00e9 et non commercial.<br>Dans la mesure o\u00f9 les contenus de cette page n\u2019ont pas \u00e9t\u00e9 cr\u00e9\u00e9s par l\u2019exploitant, les droits d\u2019auteur de tiers sont respect\u00e9s et les contenus de tiers sont identifi\u00e9s comme tels.<br>Si vous remarquez n\u00e9anmoins une violation du droit d\u2019auteur, veuillez nous en informer.<br>Si nous prenons connaissance de violations de la loi, nous supprimerons imm\u00e9diatement ces contenus.<\/p><h2>Cr\u00e9dits photographiques<\/h2><p>Les images utilis\u00e9es sur ce site web proviennent de&nbsp;:<br>\u2013 hyCLEANER GmbH &amp; Co. KG<br>\u2013 iStockphoto LP<br>\u2013 Fotolia.com<\/p><h2>Validit\u00e9 juridique de ces mentions l\u00e9gales<\/h2><p>Ces mentions l\u00e9gales s\u2019appliquent \u00e9galement aux pr\u00e9sences en ligne et aux profils de m\u00e9dias sociaux suivants de hyCLEANER GmbH &amp; Co. KG, dans la mesure o\u00f9 ils existent&nbsp;:<br>\u2013 <a href=\"https:\/\/www.instagram.com\/hycleaner\" target=\"_blank\" rel=\"noopener\">Instagram<\/a><br>\u2013 <a href=\"https:\/\/www.linkedin.com\/company\/hycleaner\" target=\"_blank\" rel=\"noopener\">LinkedIn<\/a><br>\u2013 <a href=\"https:\/\/www.youtube.com\/@hycleaner\" target=\"_blank\" rel=\"noopener\">YouTube<\/a><\/p><p>\u00a9 2025 hyCLEANER GmbH &amp; Co. KG. Tous droits r\u00e9serv\u00e9s. <\/p>\t\t\t\t\t\t\t\t<\/div>\n\t\t\t\t<\/div>\n\t\t\t\t<\/div>\n\t\t\t\t<\/div>\n\t\t","protected":false},"excerpt":{"rendered":"<p>Mentions l\u00e9gales Informations conform\u00e9ment au \u00a7 5 de la loi sur les services num\u00e9riques (DDG) hyCLEANER GmbH &amp; Co. KGMaybachstra\u00dfe 6D-48599 GronauAllemagne T\u00e9l\u00e9phone&nbsp;: +49&nbsp;2562&nbsp;99254&nbsp;0T\u00e9l\u00e9copie&nbsp;: +49&nbsp;2562&nbsp;99254&nbsp;10E-mail&nbsp;: info@hycleaner.deWeb&nbsp;: https:\/\/hycleaner.de Personnes autoris\u00e9es \u00e0 repr\u00e9senter la soci\u00e9t\u00e9 Directeurs g\u00e9n\u00e9raux autoris\u00e9s \u00e0 repr\u00e9senter la soci\u00e9t\u00e9 (Komplement\u00e4r-GmbH)&nbsp;:Celina Kneiber, Josha Kneiber Inscription au registre Inscrite au registre du commerce du tribunal d\u2019instance [&hellip;]<\/p>\n","protected":false},"author":1,"featured_media":0,"parent":0,"menu_order":100,"comment_status":"closed","ping_status":"closed","template":"","meta":{"footnotes":"","_links_to":"","_links_to_target":""},"class_list":["post-11951","page","type-page","status-publish","hentry"],"yoast_head":"<!-- This site is optimized with the Yoast SEO plugin v26.5 - https:\/\/yoast.com\/wordpress\/plugins\/seo\/ -->\n<title>Mentions l\u00e9gales | hyCLEANER<\/title>\n<meta name=\"description\" content=\"Mentions l\u00e9gales de hyCLEANER GmbH &amp; Co. KG avec contact, repr\u00e9sentation, informations d&#039;enregistrement et informations de responsabilit\u00e9 conform\u00e9ment aux mentions l\u00e9gales obligatoires.\" \/>\n<meta name=\"robots\" content=\"noindex, nofollow\" \/>\n<meta property=\"og:locale\" content=\"fr_FR\" \/>\n<meta property=\"og:type\" content=\"article\" \/>\n<meta property=\"og:title\" content=\"Mentions l\u00e9gales | hyCLEANER\" \/>\n<meta property=\"og:description\" content=\"Mentions l\u00e9gales de hyCLEANER GmbH &amp; Co. KG avec contact, repr\u00e9sentation, informations d&#039;enregistrement et informations de responsabilit\u00e9 conform\u00e9ment aux mentions l\u00e9gales obligatoires.\" \/>\n<meta property=\"og:url\" content=\"https:\/\/hycleaner.blackpeppers.de\/fr\/mentions-legales\/\" \/>\n<meta property=\"og:site_name\" content=\"hyCLEANER\u00ae\" \/>\n<meta property=\"article:modified_time\" content=\"2025-11-06T13:22:05+00:00\" \/>\n<meta name=\"twitter:card\" content=\"summary_large_image\" \/>\n<meta name=\"twitter:label1\" content=\"Dur\u00e9e de lecture estim\u00e9e\" \/>\n\t<meta name=\"twitter:data1\" content=\"3 minutes\" \/>\n<script type=\"application\/ld+json\" class=\"yoast-schema-graph\">{\"@context\":\"https:\/\/schema.org\",\"@graph\":[{\"@type\":\"WebPage\",\"@id\":\"https:\/\/hycleaner.blackpeppers.de\/fr\/mentions-legales\/\",\"url\":\"https:\/\/hycleaner.blackpeppers.de\/fr\/mentions-legales\/\",\"name\":\"Mentions l\u00e9gales | hyCLEANER\",\"isPartOf\":{\"@id\":\"https:\/\/hycleaner.blackpeppers.de\/fr\/#website\"},\"datePublished\":\"2025-09-23T09:52:57+00:00\",\"dateModified\":\"2025-11-06T13:22:05+00:00\",\"description\":\"Mentions l\u00e9gales de hyCLEANER GmbH & Co. KG avec contact, repr\u00e9sentation, informations d'enregistrement et informations de responsabilit\u00e9 conform\u00e9ment aux mentions l\u00e9gales obligatoires.\",\"breadcrumb\":{\"@id\":\"https:\/\/hycleaner.blackpeppers.de\/fr\/mentions-legales\/#breadcrumb\"},\"inLanguage\":\"fr-FR\",\"potentialAction\":[{\"@type\":\"ReadAction\",\"target\":[\"https:\/\/hycleaner.blackpeppers.de\/fr\/mentions-legales\/\"]}]},{\"@type\":\"BreadcrumbList\",\"@id\":\"https:\/\/hycleaner.blackpeppers.de\/fr\/mentions-legales\/#breadcrumb\",\"itemListElement\":[{\"@type\":\"ListItem\",\"position\":1,\"name\":\"Startseite\",\"item\":\"https:\/\/hycleaner.blackpeppers.de\/fr\/\"},{\"@type\":\"ListItem\",\"position\":2,\"name\":\"Mentions l\u00e9gales\"}]},{\"@type\":\"WebSite\",\"@id\":\"https:\/\/hycleaner.blackpeppers.de\/fr\/#website\",\"url\":\"https:\/\/hycleaner.blackpeppers.de\/fr\/\",\"name\":\"hyCLEANER\u00ae\",\"description\":\"Experte f\u00fcr Reinigungsroboter\",\"publisher\":{\"@id\":\"https:\/\/hycleaner.blackpeppers.de\/fr\/#organization\"},\"potentialAction\":[{\"@type\":\"SearchAction\",\"target\":{\"@type\":\"EntryPoint\",\"urlTemplate\":\"https:\/\/hycleaner.blackpeppers.de\/fr\/?s={search_term_string}\"},\"query-input\":{\"@type\":\"PropertyValueSpecification\",\"valueRequired\":true,\"valueName\":\"search_term_string\"}}],\"inLanguage\":\"fr-FR\"},{\"@type\":\"Organization\",\"@id\":\"https:\/\/hycleaner.blackpeppers.de\/fr\/#organization\",\"name\":\"hyCLEANER\u00ae\",\"url\":\"https:\/\/hycleaner.blackpeppers.de\/fr\/\",\"logo\":{\"@type\":\"ImageObject\",\"inLanguage\":\"fr-FR\",\"@id\":\"https:\/\/hycleaner.blackpeppers.de\/fr\/#\/schema\/logo\/image\/\",\"url\":\"https:\/\/hycleaner.blackpeppers.de\/wp-content\/uploads\/2025\/08\/hyCLEANER_Logo-1.webp\",\"contentUrl\":\"https:\/\/hycleaner.blackpeppers.de\/wp-content\/uploads\/2025\/08\/hyCLEANER_Logo-1.webp\",\"width\":351,\"height\":99,\"caption\":\"hyCLEANER\u00ae\"},\"image\":{\"@id\":\"https:\/\/hycleaner.blackpeppers.de\/fr\/#\/schema\/logo\/image\/\"}}]}<\/script>\n<!-- \/ Yoast SEO plugin. -->","yoast_head_json":{"title":"Mentions l\u00e9gales | hyCLEANER","description":"Mentions l\u00e9gales de hyCLEANER GmbH & Co. KG avec contact, repr\u00e9sentation, informations d'enregistrement et informations de responsabilit\u00e9 conform\u00e9ment aux mentions l\u00e9gales obligatoires.","robots":{"index":"noindex","follow":"nofollow"},"og_locale":"fr_FR","og_type":"article","og_title":"Mentions l\u00e9gales | hyCLEANER","og_description":"Mentions l\u00e9gales de hyCLEANER GmbH & Co. KG avec contact, repr\u00e9sentation, informations d'enregistrement et informations de responsabilit\u00e9 conform\u00e9ment aux mentions l\u00e9gales obligatoires.","og_url":"https:\/\/hycleaner.blackpeppers.de\/fr\/mentions-legales\/","og_site_name":"hyCLEANER\u00ae","article_modified_time":"2025-11-06T13:22:05+00:00","twitter_card":"summary_large_image","twitter_misc":{"Dur\u00e9e de lecture estim\u00e9e":"3 minutes"},"schema":{"@context":"https:\/\/schema.org","@graph":[{"@type":"WebPage","@id":"https:\/\/hycleaner.blackpeppers.de\/fr\/mentions-legales\/","url":"https:\/\/hycleaner.blackpeppers.de\/fr\/mentions-legales\/","name":"Mentions l\u00e9gales | hyCLEANER","isPartOf":{"@id":"https:\/\/hycleaner.blackpeppers.de\/fr\/#website"},"datePublished":"2025-09-23T09:52:57+00:00","dateModified":"2025-11-06T13:22:05+00:00","description":"Mentions l\u00e9gales de hyCLEANER GmbH & Co. KG avec contact, repr\u00e9sentation, informations d'enregistrement et informations de responsabilit\u00e9 conform\u00e9ment aux mentions l\u00e9gales obligatoires.","breadcrumb":{"@id":"https:\/\/hycleaner.blackpeppers.de\/fr\/mentions-legales\/#breadcrumb"},"inLanguage":"fr-FR","potentialAction":[{"@type":"ReadAction","target":["https:\/\/hycleaner.blackpeppers.de\/fr\/mentions-legales\/"]}]},{"@type":"BreadcrumbList","@id":"https:\/\/hycleaner.blackpeppers.de\/fr\/mentions-legales\/#breadcrumb","itemListElement":[{"@type":"ListItem","position":1,"name":"Startseite","item":"https:\/\/hycleaner.blackpeppers.de\/fr\/"},{"@type":"ListItem","position":2,"name":"Mentions l\u00e9gales"}]},{"@type":"WebSite","@id":"https:\/\/hycleaner.blackpeppers.de\/fr\/#website","url":"https:\/\/hycleaner.blackpeppers.de\/fr\/","name":"hyCLEANER\u00ae","description":"Experte f\u00fcr Reinigungsroboter","publisher":{"@id":"https:\/\/hycleaner.blackpeppers.de\/fr\/#organization"},"potentialAction":[{"@type":"SearchAction","target":{"@type":"EntryPoint","urlTemplate":"https:\/\/hycleaner.blackpeppers.de\/fr\/?s={search_term_string}"},"query-input":{"@type":"PropertyValueSpecification","valueRequired":true,"valueName":"search_term_string"}}],"inLanguage":"fr-FR"},{"@type":"Organization","@id":"https:\/\/hycleaner.blackpeppers.de\/fr\/#organization","name":"hyCLEANER\u00ae","url":"https:\/\/hycleaner.blackpeppers.de\/fr\/","logo":{"@type":"ImageObject","inLanguage":"fr-FR","@id":"https:\/\/hycleaner.blackpeppers.de\/fr\/#\/schema\/logo\/image\/","url":"https:\/\/hycleaner.blackpeppers.de\/wp-content\/uploads\/2025\/08\/hyCLEANER_Logo-1.webp","contentUrl":"https:\/\/hycleaner.blackpeppers.de\/wp-content\/uploads\/2025\/08\/hyCLEANER_Logo-1.webp","width":351,"height":99,"caption":"hyCLEANER\u00ae"},"image":{"@id":"https:\/\/hycleaner.blackpeppers.de\/fr\/#\/schema\/logo\/image\/"}}]}},"_links":{"self":[{"href":"https:\/\/hycleaner.blackpeppers.de\/fr\/wp-json\/wp\/v2\/pages\/11951","targetHints":{"allow":["GET"]}}],"collection":[{"href":"https:\/\/hycleaner.blackpeppers.de\/fr\/wp-json\/wp\/v2\/pages"}],"about":[{"href":"https:\/\/hycleaner.blackpeppers.de\/fr\/wp-json\/wp\/v2\/types\/page"}],"author":[{"embeddable":true,"href":"https:\/\/hycleaner.blackpeppers.de\/fr\/wp-json\/wp\/v2\/users\/1"}],"replies":[{"embeddable":true,"href":"https:\/\/hycleaner.blackpeppers.de\/fr\/wp-json\/wp\/v2\/comments?post=11951"}],"version-history":[{"count":1,"href":"https:\/\/hycleaner.blackpeppers.de\/fr\/wp-json\/wp\/v2\/pages\/11951\/revisions"}],"predecessor-version":[{"id":11953,"href":"https:\/\/hycleaner.blackpeppers.de\/fr\/wp-json\/wp\/v2\/pages\/11951\/revisions\/11953"}],"wp:attachment":[{"href":"https:\/\/hycleaner.blackpeppers.de\/fr\/wp-json\/wp\/v2\/media?parent=11951"}],"curies":[{"name":"wp","href":"https:\/\/api.w.org\/{rel}","templated":true}]}}