{"id":11822,"date":"2025-10-15T08:46:36","date_gmt":"2025-10-15T06:46:36","guid":{"rendered":"https:\/\/hycleaner.blackpeppers.de\/tour-de-demonstration\/"},"modified":"2025-11-06T23:46:25","modified_gmt":"2025-11-06T22:46:25","slug":"tour-de-demonstration","status":"publish","type":"page","link":"https:\/\/hycleaner.blackpeppers.de\/fr\/tour-de-demonstration\/","title":{"rendered":"Tour de d\u00e9monstration"},"content":{"rendered":"\t\t<div data-elementor-type=\"wp-page\" data-elementor-id=\"11822\" class=\"elementor elementor-11822 elementor-6801\" data-elementor-post-type=\"page\">\n\t\t\t\t<div class=\"elementor-element elementor-element-b2ef2d5 e-con-full e-flex e-con e-parent\" data-id=\"b2ef2d5\" data-element_type=\"container\">\n\t\t\t\t<div class=\"elementor-element elementor-element-40a44df elementor-widget elementor-widget-heading\" data-id=\"40a44df\" data-element_type=\"widget\" data-widget_type=\"heading.default\">\n\t\t\t\t<div class=\"elementor-widget-container\">\n\t\t\t\t\t<h1 class=\"elementor-heading-title elementor-size-default\">NOUS SOMMES IMPATIENTS \nDE VOUS ENTENDRE !<\/h1>\t\t\t\t<\/div>\n\t\t\t\t<\/div>\n\t\t\t\t<\/div>\n\t\t<div class=\"elementor-element elementor-element-0be6113 e-flex e-con-boxed e-con e-parent\" data-id=\"0be6113\" data-element_type=\"container\">\n\t\t\t\t\t<div class=\"e-con-inner\">\n\t\t\t\t<div class=\"elementor-element elementor-element-960f1d9 elementor-widget elementor-widget-shortcode\" data-id=\"960f1d9\" data-element_type=\"widget\" data-widget_type=\"shortcode.default\">\n\t\t\t\t<div class=\"elementor-widget-container\">\n\t\t\t\t\t\t\t<div class=\"elementor-shortcode\">\t\t<div data-elementor-type=\"container\" data-elementor-id=\"14418\" class=\"elementor elementor-14418 elementor-12551\" data-elementor-post-type=\"elementor_library\">\n\t\t\t\t<div class=\"elementor-element elementor-element-a468a7c e-con-full e-flex e-con e-parent\" data-id=\"a468a7c\" data-element_type=\"container\" data-settings=\"{&quot;background_background&quot;:&quot;classic&quot;}\">\n\t\t\t\t<div class=\"elementor-element elementor-element-12efcbe elementor-widget elementor-widget-heading\" data-id=\"12efcbe\" data-element_type=\"widget\" data-widget_type=\"heading.default\">\n\t\t\t\t<div class=\"elementor-widget-container\">\n\t\t\t\t\t<h2 class=\"elementor-heading-title elementor-size-default\">TOUR DE D\u00c9MONSTRATION<\/h2>\t\t\t\t<\/div>\n\t\t\t\t<\/div>\n\t\t\t\t<div class=\"elementor-element elementor-element-171c194 elementor-widget elementor-widget-text-editor\" data-id=\"171c194\" data-element_type=\"widget\" data-widget_type=\"text-editor.default\">\n\t\t\t\t<div class=\"elementor-widget-container\">\n\t\t\t\t\t\t\t\t\tD\u00e9couvrez hyCLEANER en direct !\nPrenez rendez-vous d\u00e8s maintenant pour une d\u00e9monstration et d\u00e9couvrez nos syst\u00e8mes en action.\t\t\t\t\t\t\t\t<\/div>\n\t\t\t\t<\/div>\n\t\t\t\t<div class=\"elementor-element elementor-element-e75d30 elementor-button-align-start elementor-widget elementor-widget-form\" data-id=\"e75d30\" data-element_type=\"widget\" data-settings=\"{&quot;step_next_label&quot;:&quot;Suivant&quot;,&quot;step_previous_label&quot;:&quot;Pr\\u00e9c\\u00e9dent&quot;,&quot;button_width&quot;:&quot;100&quot;,&quot;step_type&quot;:&quot;number_text&quot;,&quot;step_icon_shape&quot;:&quot;circle&quot;}\" data-widget_type=\"form.default\">\n\t\t\t\t<div class=\"elementor-widget-container\">\n\t\t\t\t\t\t\t<form class=\"elementor-form\" method=\"post\" name=\"Nouveau formulaire\" aria-label=\"Nouveau formulaire\">\n\t\t\t<input type=\"hidden\" name=\"post_id\" value=\"14418\"\/>\n\t\t\t<input type=\"hidden\" name=\"form_id\" value=\"e75d30\"\/>\n\t\t\t<input type=\"hidden\" name=\"referer_title\" value=\"Tour de d\u00e9monstration - hyCLEANER\u00ae\" \/>\n\n\t\t\t\t\t\t\t<input type=\"hidden\" name=\"queried_id\" value=\"11822\"\/>\n\t\t\t\n\t\t\t<div class=\"elementor-form-fields-wrapper elementor-labels-\">\n\t\t\t\t\t\t\t\t<div class=\"elementor-field-type-text elementor-field-group elementor-column elementor-field-group-name elementor-col-50 elementor-field-required\">\n\t\t\t\t\t\t\t\t\t\t\t\t<label for=\"form-field-name\" class=\"elementor-field-label elementor-screen-only\">\n\t\t\t\t\t\t\t\tNom*\t\t\t\t\t\t\t<\/label>\n\t\t\t\t\t\t\t\t\t\t\t\t\t\t<input size=\"1\" type=\"text\" name=\"form_fields[name]\" id=\"form-field-name\" class=\"elementor-field elementor-size-sm  elementor-field-textual\" placeholder=\"Nom*\" required=\"required\">\n\t\t\t\t\t\t\t\t\t\t\t<\/div>\n\t\t\t\t\t\t\t\t<div class=\"elementor-field-type-text elementor-field-group elementor-column elementor-field-group-field_f28925a elementor-col-50 elementor-field-required\">\n\t\t\t\t\t\t\t\t\t\t\t\t<label for=\"form-field-field_f28925a\" class=\"elementor-field-label elementor-screen-only\">\n\t\t\t\t\t\t\t\tEntreprise*\t\t\t\t\t\t\t<\/label>\n\t\t\t\t\t\t\t\t\t\t\t\t\t\t<input size=\"1\" type=\"text\" name=\"form_fields[field_f28925a]\" id=\"form-field-field_f28925a\" class=\"elementor-field elementor-size-sm  elementor-field-textual\" placeholder=\"Entreprise*\" required=\"required\">\n\t\t\t\t\t\t\t\t\t\t\t<\/div>\n\t\t\t\t\t\t\t\t<div class=\"elementor-field-type-email elementor-field-group elementor-column elementor-field-group-email elementor-col-50 elementor-field-required\">\n\t\t\t\t\t\t\t\t\t\t\t\t<label for=\"form-field-email\" class=\"elementor-field-label elementor-screen-only\">\n\t\t\t\t\t\t\t\tAdresse e-mail*\t\t\t\t\t\t\t<\/label>\n\t\t\t\t\t\t\t\t\t\t\t\t\t\t<input size=\"1\" type=\"email\" name=\"form_fields[email]\" id=\"form-field-email\" class=\"elementor-field elementor-size-sm  elementor-field-textual\" placeholder=\"Adresse e-mail*\" required=\"required\">\n\t\t\t\t\t\t\t\t\t\t\t<\/div>\n\t\t\t\t\t\t\t\t<div class=\"elementor-field-type-tel elementor-field-group elementor-column elementor-field-group-field_beac7a1 elementor-col-50 elementor-field-required\">\n\t\t\t\t\t\t\t\t\t\t\t\t<label for=\"form-field-field_beac7a1\" class=\"elementor-field-label elementor-screen-only\">\n\t\t\t\t\t\t\t\tNum\u00e9ro de t\u00e9l\u00e9phone\t\t\t\t\t\t\t<\/label>\n\t\t\t\t\t\t\t\t<input size=\"1\" type=\"tel\" name=\"form_fields[field_beac7a1]\" id=\"form-field-field_beac7a1\" class=\"elementor-field elementor-size-sm  elementor-field-textual\" placeholder=\"Num\u00e9ro de t\u00e9l\u00e9phone\" required=\"required\" pattern=\"[0-9()#&amp;+*-=.]+\" title=\"Seuls les caract\u00e8res de num\u00e9ros de t\u00e9l\u00e9phone (#, -, *, etc.) sont accept\u00e9s.\">\n\n\t\t\t\t\t\t<\/div>\n\t\t\t\t\t\t\t\t<div class=\"elementor-field-type-text elementor-field-group elementor-column elementor-field-group-field_d80df1a elementor-col-100 elementor-field-required\">\n\t\t\t\t\t\t\t\t\t\t\t\t<label for=\"form-field-field_d80df1a\" class=\"elementor-field-label elementor-screen-only\">\n\t\t\t\t\t\t\t\tLieu de la d\u00e9monstration\t\t\t\t\t\t\t<\/label>\n\t\t\t\t\t\t\t\t\t\t\t\t\t\t<input size=\"1\" type=\"text\" name=\"form_fields[field_d80df1a]\" id=\"form-field-field_d80df1a\" class=\"elementor-field elementor-size-sm  elementor-field-textual\" placeholder=\"Lieu de la d\u00e9monstration\" required=\"required\">\n\t\t\t\t\t\t\t\t\t\t\t<\/div>\n\t\t\t\t\t\t\t\t<div class=\"elementor-field-type-textarea elementor-field-group elementor-column elementor-field-group-message elementor-col-100\">\n\t\t\t\t\t\t\t\t\t\t\t\t<label for=\"form-field-message\" class=\"elementor-field-label elementor-screen-only\">\n\t\t\t\t\t\t\t\tMessage\t\t\t\t\t\t\t<\/label>\n\t\t\t\t\t\t<textarea class=\"elementor-field-textual elementor-field  elementor-size-sm\" name=\"form_fields[message]\" id=\"form-field-message\" rows=\"4\" placeholder=\"Informations compl\u00e9mentaires sur votre installation (facultatif)\"><\/textarea>\t\t\t\t<\/div>\n\t\t\t\t\t\t\t\t<div class=\"elementor-field-type-acceptance elementor-field-group elementor-column elementor-field-group-dsgvo elementor-col-100 elementor-field-required\">\n\t\t\t\t\t\t\t<div class=\"elementor-field-subgroup\">\n\t\t\t<span class=\"elementor-field-option\">\n\t\t\t\t<input type=\"checkbox\" name=\"form_fields[dsgvo]\" id=\"form-field-dsgvo\" class=\"elementor-field elementor-size-sm  elementor-acceptance-field\" required=\"required\">\n\t\t\t\t<label for=\"form-field-dsgvo\">  En soumettant ce formulaire, j'accepte que\n les donn\u00e9es que j'ai fournies soient utilis\u00e9es et stock\u00e9es pour traiter ma demande.\n Vous trouverez de plus amples informations dans notre\n        <a href=\"https:\/\/hycleaner.blackpeppers.de\/fr\/protection-des-donnees\/\">politique de confidentialit\u00e9<\/a>.<\/label>\t\t\t<\/span>\n\t\t<\/div>\n\t\t\t\t\t\t<\/div>\n\t\t\t\t\t\t\t\t<div class=\"elementor-field-type-text\">\n\t\t\t\t\t<input size=\"1\" type=\"text\" name=\"form_fields[field_f45e221]\" id=\"form-field-field_f45e221\" class=\"elementor-field elementor-size-sm \" style=\"display:none !important;\">\t\t\t\t<\/div>\n\t\t\t\t\t\t\t\t<div class=\"elementor-field-group elementor-column elementor-field-type-submit elementor-col-100 e-form__buttons\">\n\t\t\t\t\t<button class=\"elementor-button elementor-size-lg\" type=\"submit\">\n\t\t\t\t\t\t<span class=\"elementor-button-content-wrapper\">\n\t\t\t\t\t\t\t\t\t\t\t\t\t\t\t\t\t\t\t\t\t\t<span class=\"elementor-button-text\">Envoyer<\/span>\n\t\t\t\t\t\t\t\t\t\t\t\t\t<\/span>\n\t\t\t\t\t<\/button>\n\t\t\t\t<\/div>\n\t\t\t<\/div>\n\t\t<\/form>\n\t\t\t\t\t\t<\/div>\n\t\t\t\t<\/div>\n\t\t\t\t<div class=\"elementor-element elementor-element-6937b38 elementor-widget elementor-widget-text-editor\" data-id=\"6937b38\" data-element_type=\"widget\" data-widget_type=\"text-editor.default\">\n\t\t\t\t<div class=\"elementor-widget-container\">\n\t\t\t\t\t\t\t\t\t<p>*Champ obligatoire<\/p>\t\t\t\t\t\t\t\t<\/div>\n\t\t\t\t<\/div>\n\t\t\t\t<\/div>\n\t\t\t\t<\/div>\n\t\t<\/div>\n\t\t\t\t\t\t<\/div>\n\t\t\t\t<\/div>\n\t\t\t\t\t<\/div>\n\t\t\t\t<\/div>\n\t\t\t\t<\/div>\n\t\t","protected":false},"excerpt":{"rendered":"<p>NOUS SOMMES IMPATIENTS DE VOUS ENTENDRE !<\/p>\n","protected":false},"author":1,"featured_media":0,"parent":0,"menu_order":0,"comment_status":"closed","ping_status":"closed","template":"","meta":{"footnotes":"","_links_to":"","_links_to_target":""},"class_list":["post-11822","page","type-page","status-publish","hentry"],"yoast_head":"<!-- This site is optimized with the Yoast SEO plugin v26.5 - https:\/\/yoast.com\/wordpress\/plugins\/seo\/ -->\n<title>Tour de d\u00e9monstration - hyCLEANER\u00ae<\/title>\n<meta name=\"robots\" content=\"noindex, nofollow\" \/>\n<meta property=\"og:locale\" content=\"fr_FR\" \/>\n<meta property=\"og:type\" content=\"article\" \/>\n<meta property=\"og:title\" content=\"Tour de d\u00e9monstration - hyCLEANER\u00ae\" \/>\n<meta property=\"og:description\" content=\"NOUS SOMMES IMPATIENTS DE VOUS ENTENDRE !\" \/>\n<meta property=\"og:url\" content=\"https:\/\/hycleaner.blackpeppers.de\/fr\/tour-de-demonstration\/\" \/>\n<meta property=\"og:site_name\" content=\"hyCLEANER\u00ae\" \/>\n<meta property=\"article:modified_time\" content=\"2025-11-06T22:46:25+00:00\" \/>\n<meta name=\"twitter:card\" content=\"summary_large_image\" \/>\n<script type=\"application\/ld+json\" class=\"yoast-schema-graph\">{\"@context\":\"https:\/\/schema.org\",\"@graph\":[{\"@type\":\"WebPage\",\"@id\":\"https:\/\/hycleaner.blackpeppers.de\/fr\/tour-de-demonstration\/\",\"url\":\"https:\/\/hycleaner.blackpeppers.de\/fr\/tour-de-demonstration\/\",\"name\":\"Tour de d\u00e9monstration - hyCLEANER\u00ae\",\"isPartOf\":{\"@id\":\"https:\/\/hycleaner.blackpeppers.de\/fr\/#website\"},\"datePublished\":\"2025-10-15T06:46:36+00:00\",\"dateModified\":\"2025-11-06T22:46:25+00:00\",\"breadcrumb\":{\"@id\":\"https:\/\/hycleaner.blackpeppers.de\/fr\/tour-de-demonstration\/#breadcrumb\"},\"inLanguage\":\"fr-FR\",\"potentialAction\":[{\"@type\":\"ReadAction\",\"target\":[\"https:\/\/hycleaner.blackpeppers.de\/fr\/tour-de-demonstration\/\"]}]},{\"@type\":\"BreadcrumbList\",\"@id\":\"https:\/\/hycleaner.blackpeppers.de\/fr\/tour-de-demonstration\/#breadcrumb\",\"itemListElement\":[{\"@type\":\"ListItem\",\"position\":1,\"name\":\"Startseite\",\"item\":\"https:\/\/hycleaner.blackpeppers.de\/fr\/\"},{\"@type\":\"ListItem\",\"position\":2,\"name\":\"Tour de d\u00e9monstration\"}]},{\"@type\":\"WebSite\",\"@id\":\"https:\/\/hycleaner.blackpeppers.de\/fr\/#website\",\"url\":\"https:\/\/hycleaner.blackpeppers.de\/fr\/\",\"name\":\"hyCLEANER\u00ae\",\"description\":\"Experte f\u00fcr Reinigungsroboter\",\"publisher\":{\"@id\":\"https:\/\/hycleaner.blackpeppers.de\/fr\/#organization\"},\"potentialAction\":[{\"@type\":\"SearchAction\",\"target\":{\"@type\":\"EntryPoint\",\"urlTemplate\":\"https:\/\/hycleaner.blackpeppers.de\/fr\/?s={search_term_string}\"},\"query-input\":{\"@type\":\"PropertyValueSpecification\",\"valueRequired\":true,\"valueName\":\"search_term_string\"}}],\"inLanguage\":\"fr-FR\"},{\"@type\":\"Organization\",\"@id\":\"https:\/\/hycleaner.blackpeppers.de\/fr\/#organization\",\"name\":\"hyCLEANER\u00ae\",\"url\":\"https:\/\/hycleaner.blackpeppers.de\/fr\/\",\"logo\":{\"@type\":\"ImageObject\",\"inLanguage\":\"fr-FR\",\"@id\":\"https:\/\/hycleaner.blackpeppers.de\/fr\/#\/schema\/logo\/image\/\",\"url\":\"https:\/\/hycleaner.blackpeppers.de\/wp-content\/uploads\/2025\/08\/hyCLEANER_Logo-1.webp\",\"contentUrl\":\"https:\/\/hycleaner.blackpeppers.de\/wp-content\/uploads\/2025\/08\/hyCLEANER_Logo-1.webp\",\"width\":351,\"height\":99,\"caption\":\"hyCLEANER\u00ae\"},\"image\":{\"@id\":\"https:\/\/hycleaner.blackpeppers.de\/fr\/#\/schema\/logo\/image\/\"}}]}<\/script>\n<!-- \/ Yoast SEO plugin. -->","yoast_head_json":{"title":"Tour de d\u00e9monstration - hyCLEANER\u00ae","robots":{"index":"noindex","follow":"nofollow"},"og_locale":"fr_FR","og_type":"article","og_title":"Tour de d\u00e9monstration - hyCLEANER\u00ae","og_description":"NOUS SOMMES IMPATIENTS DE VOUS ENTENDRE !","og_url":"https:\/\/hycleaner.blackpeppers.de\/fr\/tour-de-demonstration\/","og_site_name":"hyCLEANER\u00ae","article_modified_time":"2025-11-06T22:46:25+00:00","twitter_card":"summary_large_image","schema":{"@context":"https:\/\/schema.org","@graph":[{"@type":"WebPage","@id":"https:\/\/hycleaner.blackpeppers.de\/fr\/tour-de-demonstration\/","url":"https:\/\/hycleaner.blackpeppers.de\/fr\/tour-de-demonstration\/","name":"Tour de d\u00e9monstration - hyCLEANER\u00ae","isPartOf":{"@id":"https:\/\/hycleaner.blackpeppers.de\/fr\/#website"},"datePublished":"2025-10-15T06:46:36+00:00","dateModified":"2025-11-06T22:46:25+00:00","breadcrumb":{"@id":"https:\/\/hycleaner.blackpeppers.de\/fr\/tour-de-demonstration\/#breadcrumb"},"inLanguage":"fr-FR","potentialAction":[{"@type":"ReadAction","target":["https:\/\/hycleaner.blackpeppers.de\/fr\/tour-de-demonstration\/"]}]},{"@type":"BreadcrumbList","@id":"https:\/\/hycleaner.blackpeppers.de\/fr\/tour-de-demonstration\/#breadcrumb","itemListElement":[{"@type":"ListItem","position":1,"name":"Startseite","item":"https:\/\/hycleaner.blackpeppers.de\/fr\/"},{"@type":"ListItem","position":2,"name":"Tour de d\u00e9monstration"}]},{"@type":"WebSite","@id":"https:\/\/hycleaner.blackpeppers.de\/fr\/#website","url":"https:\/\/hycleaner.blackpeppers.de\/fr\/","name":"hyCLEANER\u00ae","description":"Experte f\u00fcr Reinigungsroboter","publisher":{"@id":"https:\/\/hycleaner.blackpeppers.de\/fr\/#organization"},"potentialAction":[{"@type":"SearchAction","target":{"@type":"EntryPoint","urlTemplate":"https:\/\/hycleaner.blackpeppers.de\/fr\/?s={search_term_string}"},"query-input":{"@type":"PropertyValueSpecification","valueRequired":true,"valueName":"search_term_string"}}],"inLanguage":"fr-FR"},{"@type":"Organization","@id":"https:\/\/hycleaner.blackpeppers.de\/fr\/#organization","name":"hyCLEANER\u00ae","url":"https:\/\/hycleaner.blackpeppers.de\/fr\/","logo":{"@type":"ImageObject","inLanguage":"fr-FR","@id":"https:\/\/hycleaner.blackpeppers.de\/fr\/#\/schema\/logo\/image\/","url":"https:\/\/hycleaner.blackpeppers.de\/wp-content\/uploads\/2025\/08\/hyCLEANER_Logo-1.webp","contentUrl":"https:\/\/hycleaner.blackpeppers.de\/wp-content\/uploads\/2025\/08\/hyCLEANER_Logo-1.webp","width":351,"height":99,"caption":"hyCLEANER\u00ae"},"image":{"@id":"https:\/\/hycleaner.blackpeppers.de\/fr\/#\/schema\/logo\/image\/"}}]}},"_links":{"self":[{"href":"https:\/\/hycleaner.blackpeppers.de\/fr\/wp-json\/wp\/v2\/pages\/11822","targetHints":{"allow":["GET"]}}],"collection":[{"href":"https:\/\/hycleaner.blackpeppers.de\/fr\/wp-json\/wp\/v2\/pages"}],"about":[{"href":"https:\/\/hycleaner.blackpeppers.de\/fr\/wp-json\/wp\/v2\/types\/page"}],"author":[{"embeddable":true,"href":"https:\/\/hycleaner.blackpeppers.de\/fr\/wp-json\/wp\/v2\/users\/1"}],"replies":[{"embeddable":true,"href":"https:\/\/hycleaner.blackpeppers.de\/fr\/wp-json\/wp\/v2\/comments?post=11822"}],"version-history":[{"count":2,"href":"https:\/\/hycleaner.blackpeppers.de\/fr\/wp-json\/wp\/v2\/pages\/11822\/revisions"}],"predecessor-version":[{"id":13600,"href":"https:\/\/hycleaner.blackpeppers.de\/fr\/wp-json\/wp\/v2\/pages\/11822\/revisions\/13600"}],"wp:attachment":[{"href":"https:\/\/hycleaner.blackpeppers.de\/fr\/wp-json\/wp\/v2\/media?parent=11822"}],"curies":[{"name":"wp","href":"https:\/\/api.w.org\/{rel}","templated":true}]}}