{"id":13947,"date":"2025-10-06T11:59:09","date_gmt":"2025-10-06T09:59:09","guid":{"rendered":"https:\/\/hycleaner.blackpeppers.de\/contacto\/"},"modified":"2025-11-17T13:08:14","modified_gmt":"2025-11-17T12:08:14","slug":"contacto","status":"publish","type":"page","link":"https:\/\/hycleaner.blackpeppers.de\/es\/contacto\/","title":{"rendered":"Contacto"},"content":{"rendered":"\t\t<div data-elementor-type=\"wp-page\" data-elementor-id=\"13947\" class=\"elementor elementor-13947 elementor-3982\" data-elementor-post-type=\"page\">\n\t\t\t\t<div class=\"elementor-element elementor-element-4b504c74 e-con-full e-flex e-con e-parent\" data-id=\"4b504c74\" data-element_type=\"container\">\n\t\t\t\t<div class=\"elementor-element elementor-element-76a1ec23 elementor-widget elementor-widget-heading\" data-id=\"76a1ec23\" data-element_type=\"widget\" data-widget_type=\"heading.default\">\n\t\t\t\t<div class=\"elementor-widget-container\">\n\t\t\t\t\t<h1 class=\"elementor-heading-title elementor-size-default\">SU CONTACTO CON hyCLEANER<\/h1>\t\t\t\t<\/div>\n\t\t\t\t<\/div>\n\t\t\t\t<\/div>\n\t\t<div class=\"elementor-element elementor-element-343d5a6d e-con-full e-flex e-con e-parent\" data-id=\"343d5a6d\" data-element_type=\"container\">\n\t\t\t\t<div class=\"elementor-element elementor-element-3f08380f elementor-widget elementor-widget-image\" data-id=\"3f08380f\" data-element_type=\"widget\" data-widget_type=\"image.default\">\n\t\t\t\t<div class=\"elementor-widget-container\">\n\t\t\t\t\t\t\t\t\t\t\t\t\t\t\t<img fetchpriority=\"high\" decoding=\"async\" width=\"2560\" height=\"867\" src=\"https:\/\/hycleaner.blackpeppers.de\/wp-content\/uploads\/2025\/10\/header-kontakt-3840x1300-01-scaled.webp\" class=\"attachment-full size-full wp-image-13950\" alt=\"Selfie de algunas personas en un stand de hyCleaner\" srcset=\"https:\/\/hycleaner.blackpeppers.de\/wp-content\/uploads\/2025\/10\/header-kontakt-3840x1300-01-scaled.webp 2560w, https:\/\/hycleaner.blackpeppers.de\/wp-content\/uploads\/2025\/10\/header-kontakt-3840x1300-01-300x102.webp 300w, https:\/\/hycleaner.blackpeppers.de\/wp-content\/uploads\/2025\/10\/header-kontakt-3840x1300-01-1024x347.webp 1024w, https:\/\/hycleaner.blackpeppers.de\/wp-content\/uploads\/2025\/10\/header-kontakt-3840x1300-01-768x260.webp 768w, https:\/\/hycleaner.blackpeppers.de\/wp-content\/uploads\/2025\/10\/header-kontakt-3840x1300-01-1536x520.webp 1536w, https:\/\/hycleaner.blackpeppers.de\/wp-content\/uploads\/2025\/10\/header-kontakt-3840x1300-01-2048x693.webp 2048w\" sizes=\"(max-width: 2560px) 100vw, 2560px\" \/>\t\t\t\t\t\t\t\t\t\t\t\t\t\t\t<\/div>\n\t\t\t\t<\/div>\n\t\t\t\t<\/div>\n\t\t<div class=\"elementor-element elementor-element-1848d94 e-con-full e-flex e-con e-parent\" data-id=\"1848d94\" data-element_type=\"container\">\n\t\t\t\t<div class=\"elementor-element elementor-element-7b0a433 elementor-widget elementor-widget-shortcode\" data-id=\"7b0a433\" data-element_type=\"widget\" data-widget_type=\"shortcode.default\">\n\t\t\t\t<div class=\"elementor-widget-container\">\n\t\t\t\t\t\t\t<div class=\"elementor-shortcode\">\t\t<div data-elementor-type=\"container\" data-elementor-id=\"14441\" class=\"elementor elementor-14441 elementor-14412 elementor-11712\" data-elementor-post-type=\"elementor_library\">\n\t\t\t\t<div class=\"elementor-element elementor-element-4b466288 e-con-full e-flex e-con e-parent\" data-id=\"4b466288\" data-element_type=\"container\" data-settings=\"{&quot;background_background&quot;:&quot;classic&quot;}\">\n\t\t\t\t<div class=\"elementor-element elementor-element-34164116 elementor-widget elementor-widget-heading\" data-id=\"34164116\" data-element_type=\"widget\" data-widget_type=\"heading.default\">\n\t\t\t\t<div class=\"elementor-widget-container\">\n\t\t\t\t\t<h2 class=\"elementor-heading-title elementor-size-default\">\u00bfTIENE M\u00c1S PREGUNTAS?<\/h2>\t\t\t\t<\/div>\n\t\t\t\t<\/div>\n\t\t\t\t<div class=\"elementor-element elementor-element-6294cbb5 elementor-widget elementor-widget-heading\" data-id=\"6294cbb5\" data-element_type=\"widget\" data-widget_type=\"heading.default\">\n\t\t\t\t<div class=\"elementor-widget-container\">\n\t\t\t\t\t<p class=\"elementor-heading-title elementor-size-default\">No dude en enviarnos un mensaje; nos pondremos en contacto con usted a la brevedad.<\/p>\t\t\t\t<\/div>\n\t\t\t\t<\/div>\n\t\t\t\t<div class=\"elementor-element elementor-element-345054a2 elementor-button-align-start elementor-widget elementor-widget-form\" data-id=\"345054a2\" data-element_type=\"widget\" data-settings=\"{&quot;step_next_label&quot;:&quot;Siguiente&quot;,&quot;step_previous_label&quot;:&quot;Anterior&quot;,&quot;button_width&quot;:&quot;100&quot;,&quot;step_type&quot;:&quot;number_text&quot;,&quot;step_icon_shape&quot;:&quot;circle&quot;}\" data-widget_type=\"form.default\">\n\t\t\t\t<div class=\"elementor-widget-container\">\n\t\t\t\t\t\t\t<form class=\"elementor-form\" method=\"post\" id=\"436547\" name=\"Nuevo formulario\" aria-label=\"Nuevo formulario\">\n\t\t\t<input type=\"hidden\" name=\"post_id\" value=\"14441\"\/>\n\t\t\t<input type=\"hidden\" name=\"form_id\" value=\"345054a2\"\/>\n\t\t\t<input type=\"hidden\" name=\"referer_title\" value=\"Robot de limpieza de techos de cristal: glassROBOT pro | hyCLEANER\" \/>\n\n\t\t\t\t\t\t\t<input type=\"hidden\" name=\"queried_id\" value=\"14060\"\/>\n\t\t\t\n\t\t\t<div class=\"elementor-form-fields-wrapper elementor-labels-\">\n\t\t\t\t\t\t\t\t<div class=\"elementor-field-type-text elementor-field-group elementor-column elementor-field-group-name elementor-col-50 elementor-field-required\">\n\t\t\t\t\t\t\t\t\t\t\t\t<label for=\"form-field-name\" class=\"elementor-field-label elementor-screen-only\">\n\t\t\t\t\t\t\t\tNombre*\t\t\t\t\t\t\t<\/label>\n\t\t\t\t\t\t\t\t\t\t\t\t\t\t<input size=\"1\" type=\"text\" name=\"form_fields[name]\" id=\"form-field-name\" class=\"elementor-field elementor-size-sm  elementor-field-textual\" placeholder=\"Nombre*\" required=\"required\">\n\t\t\t\t\t\t\t\t\t\t\t<\/div>\n\t\t\t\t\t\t\t\t<div class=\"elementor-field-type-text elementor-field-group elementor-column elementor-field-group-field_f28925a elementor-col-50 elementor-field-required\">\n\t\t\t\t\t\t\t\t\t\t\t\t<label for=\"form-field-field_f28925a\" class=\"elementor-field-label elementor-screen-only\">\n\t\t\t\t\t\t\t\tEmpresa*\t\t\t\t\t\t\t<\/label>\n\t\t\t\t\t\t\t\t\t\t\t\t\t\t<input size=\"1\" type=\"text\" name=\"form_fields[field_f28925a]\" id=\"form-field-field_f28925a\" class=\"elementor-field elementor-size-sm  elementor-field-textual\" placeholder=\"Empresa*\" required=\"required\">\n\t\t\t\t\t\t\t\t\t\t\t<\/div>\n\t\t\t\t\t\t\t\t<div class=\"elementor-field-type-email elementor-field-group elementor-column elementor-field-group-email elementor-col-50 elementor-field-required\">\n\t\t\t\t\t\t\t\t\t\t\t\t<label for=\"form-field-email\" class=\"elementor-field-label elementor-screen-only\">\n\t\t\t\t\t\t\t\tDirecci\u00f3n de correo electr\u00f3nico*\t\t\t\t\t\t\t<\/label>\n\t\t\t\t\t\t\t\t\t\t\t\t\t\t<input size=\"1\" type=\"email\" name=\"form_fields[email]\" id=\"form-field-email\" class=\"elementor-field elementor-size-sm  elementor-field-textual\" placeholder=\"Direcci\u00f3n de correo electr\u00f3nico*\" required=\"required\">\n\t\t\t\t\t\t\t\t\t\t\t<\/div>\n\t\t\t\t\t\t\t\t<div class=\"elementor-field-type-tel elementor-field-group elementor-column elementor-field-group-field_beac7a1 elementor-col-50\">\n\t\t\t\t\t\t\t\t\t\t\t\t<label for=\"form-field-field_beac7a1\" class=\"elementor-field-label elementor-screen-only\">\n\t\t\t\t\t\t\t\tN\u00famero de tel\u00e9fono\t\t\t\t\t\t\t<\/label>\n\t\t\t\t\t\t\t\t<input size=\"1\" type=\"tel\" name=\"form_fields[field_beac7a1]\" id=\"form-field-field_beac7a1\" class=\"elementor-field elementor-size-sm  elementor-field-textual\" placeholder=\"N\u00famero de tel\u00e9fono\" pattern=\"[0-9()#&amp;+*-=.]+\" title=\"Solo se aceptan n\u00fameros y caracteres de tel\u00e9fono (#,-,*,etc).\">\n\n\t\t\t\t\t\t<\/div>\n\t\t\t\t\t\t\t\t<div class=\"elementor-field-type-textarea elementor-field-group elementor-column elementor-field-group-message elementor-col-100\">\n\t\t\t\t\t\t\t\t\t\t\t\t<label for=\"form-field-message\" class=\"elementor-field-label elementor-screen-only\">\n\t\t\t\t\t\t\t\tMensaje\t\t\t\t\t\t\t<\/label>\n\t\t\t\t\t\t<textarea class=\"elementor-field-textual elementor-field  elementor-size-sm\" name=\"form_fields[message]\" id=\"form-field-message\" rows=\"4\" placeholder=\"Mensaje\"><\/textarea>\t\t\t\t<\/div>\n\t\t\t\t\t\t\t\t<div class=\"elementor-field-type-acceptance elementor-field-group elementor-column elementor-field-group-field_262f8ed elementor-col-100 elementor-field-required\">\n\t\t\t\t\t\t\t<div class=\"elementor-field-subgroup\">\n\t\t\t<span class=\"elementor-field-option\">\n\t\t\t\t<input type=\"checkbox\" name=\"form_fields[field_262f8ed]\" id=\"form-field-field_262f8ed\" class=\"elementor-field elementor-size-sm  elementor-acceptance-field\" required=\"required\">\n\t\t\t\t<label for=\"form-field-field_262f8ed\"> Al enviar este formulario, acepto\n que mis datos se utilicen y almacenen para procesar mi solicitud.\n Puede encontrar m\u00e1s informaci\u00f3n en nuestra\n        <a href=\"https:\/\/hycleaner.blackpeppers.de\/es\/proteccion-de-datos\/\">pol\u00edtica de privacidad<\/a>.<\/label>\t\t\t<\/span>\n\t\t<\/div>\n\t\t\t\t\t\t<\/div>\n\t\t\t\t\t\t\t\t<div class=\"elementor-field-type-text\">\n\t\t\t\t\t<input size=\"1\" type=\"text\" name=\"form_fields[field_e25b02a]\" id=\"form-field-field_e25b02a\" class=\"elementor-field elementor-size-sm \" style=\"display:none !important;\">\t\t\t\t<\/div>\n\t\t\t\t\t\t\t\t<div class=\"elementor-field-group elementor-column elementor-field-type-submit elementor-col-100 e-form__buttons\">\n\t\t\t\t\t<button class=\"elementor-button elementor-size-lg\" type=\"submit\">\n\t\t\t\t\t\t<span class=\"elementor-button-content-wrapper\">\n\t\t\t\t\t\t\t\t\t\t\t\t\t\t\t\t\t\t\t\t\t\t<span class=\"elementor-button-text\">Enviar<\/span>\n\t\t\t\t\t\t\t\t\t\t\t\t\t<\/span>\n\t\t\t\t\t<\/button>\n\t\t\t\t<\/div>\n\t\t\t<\/div>\n\t\t<\/form>\n\t\t\t\t\t\t<\/div>\n\t\t\t\t<\/div>\n\t\t\t\t<div class=\"elementor-element elementor-element-4ccb84d9 elementor-widget elementor-widget-text-editor\" data-id=\"4ccb84d9\" data-element_type=\"widget\" data-widget_type=\"text-editor.default\">\n\t\t\t\t<div class=\"elementor-widget-container\">\n\t\t\t\t\t\t\t\t\t<p>*Campo obligatorio<\/p>\t\t\t\t\t\t\t\t<\/div>\n\t\t\t\t<\/div>\n\t\t\t\t<\/div>\n\t\t\t\t<\/div>\n\t\t<\/div>\n\t\t\t\t\t\t<\/div>\n\t\t\t\t<\/div>\n\t\t\t\t<\/div>\n\t\t\t\t<\/div>\n\t\t","protected":false},"excerpt":{"rendered":"<p>SU CONTACTO CON hyCLEANER<\/p>\n","protected":false},"author":1,"featured_media":0,"parent":0,"menu_order":14,"comment_status":"closed","ping_status":"closed","template":"","meta":{"footnotes":"","_links_to":"","_links_to_target":""},"class_list":["post-13947","page","type-page","status-publish","hentry"],"yoast_head":"<!-- This site is optimized with the Yoast SEO plugin v26.5 - https:\/\/yoast.com\/wordpress\/plugins\/seo\/ -->\n<title>Contacto | hyCLEANER<\/title>\n<meta name=\"description\" content=\"Su contacto con hyCLEANER: por tel\u00e9fono, WhatsApp, correo electr\u00f3nico o simplemente a trav\u00e9s de nuestro formulario de contacto. \u00a1Nos encantar\u00e1 saber de usted!\" \/>\n<meta name=\"robots\" content=\"noindex, nofollow\" \/>\n<meta property=\"og:locale\" content=\"es_ES\" \/>\n<meta property=\"og:type\" content=\"article\" \/>\n<meta property=\"og:title\" content=\"Contacto | hyCLEANER\" \/>\n<meta property=\"og:description\" content=\"Su contacto con hyCLEANER: por tel\u00e9fono, WhatsApp, correo electr\u00f3nico o simplemente a trav\u00e9s de nuestro formulario de contacto. \u00a1Nos encantar\u00e1 saber de usted!\" \/>\n<meta property=\"og:url\" content=\"https:\/\/hycleaner.blackpeppers.de\/es\/contacto\/\" \/>\n<meta property=\"og:site_name\" content=\"hyCLEANER\u00ae\" \/>\n<meta property=\"article:modified_time\" content=\"2025-11-17T12:08:14+00:00\" \/>\n<meta property=\"og:image\" content=\"https:\/\/hycleaner.blackpeppers.de\/wp-content\/uploads\/2025\/10\/header-kontakt-3840x1300-01-scaled.webp\" \/>\n\t<meta property=\"og:image:width\" content=\"2560\" \/>\n\t<meta property=\"og:image:height\" content=\"867\" \/>\n\t<meta property=\"og:image:type\" content=\"image\/webp\" \/>\n<meta name=\"twitter:card\" content=\"summary_large_image\" \/>\n<script type=\"application\/ld+json\" class=\"yoast-schema-graph\">{\"@context\":\"https:\/\/schema.org\",\"@graph\":[{\"@type\":\"WebPage\",\"@id\":\"https:\/\/hycleaner.blackpeppers.de\/es\/contacto\/\",\"url\":\"https:\/\/hycleaner.blackpeppers.de\/es\/contacto\/\",\"name\":\"Contacto | hyCLEANER\",\"isPartOf\":{\"@id\":\"https:\/\/hycleaner.blackpeppers.de\/es\/#website\"},\"primaryImageOfPage\":{\"@id\":\"https:\/\/hycleaner.blackpeppers.de\/es\/contacto\/#primaryimage\"},\"image\":{\"@id\":\"https:\/\/hycleaner.blackpeppers.de\/es\/contacto\/#primaryimage\"},\"thumbnailUrl\":\"https:\/\/hycleaner.blackpeppers.de\/wp-content\/uploads\/2025\/10\/header-kontakt-3840x1300-01-scaled.webp\",\"datePublished\":\"2025-10-06T09:59:09+00:00\",\"dateModified\":\"2025-11-17T12:08:14+00:00\",\"description\":\"Su contacto con hyCLEANER: por tel\u00e9fono, WhatsApp, correo electr\u00f3nico o simplemente a trav\u00e9s de nuestro formulario de contacto. \u00a1Nos encantar\u00e1 saber de usted!\",\"breadcrumb\":{\"@id\":\"https:\/\/hycleaner.blackpeppers.de\/es\/contacto\/#breadcrumb\"},\"inLanguage\":\"es\",\"potentialAction\":[{\"@type\":\"ReadAction\",\"target\":[\"https:\/\/hycleaner.blackpeppers.de\/es\/contacto\/\"]}]},{\"@type\":\"ImageObject\",\"inLanguage\":\"es\",\"@id\":\"https:\/\/hycleaner.blackpeppers.de\/es\/contacto\/#primaryimage\",\"url\":\"https:\/\/hycleaner.blackpeppers.de\/wp-content\/uploads\/2025\/10\/header-kontakt-3840x1300-01-scaled.webp\",\"contentUrl\":\"https:\/\/hycleaner.blackpeppers.de\/wp-content\/uploads\/2025\/10\/header-kontakt-3840x1300-01-scaled.webp\"},{\"@type\":\"BreadcrumbList\",\"@id\":\"https:\/\/hycleaner.blackpeppers.de\/es\/contacto\/#breadcrumb\",\"itemListElement\":[{\"@type\":\"ListItem\",\"position\":1,\"name\":\"Startseite\",\"item\":\"https:\/\/hycleaner.blackpeppers.de\/es\/\"},{\"@type\":\"ListItem\",\"position\":2,\"name\":\"Contacto\"}]},{\"@type\":\"WebSite\",\"@id\":\"https:\/\/hycleaner.blackpeppers.de\/es\/#website\",\"url\":\"https:\/\/hycleaner.blackpeppers.de\/es\/\",\"name\":\"hyCLEANER\u00ae\",\"description\":\"Experte f\u00fcr Reinigungsroboter\",\"publisher\":{\"@id\":\"https:\/\/hycleaner.blackpeppers.de\/es\/#organization\"},\"potentialAction\":[{\"@type\":\"SearchAction\",\"target\":{\"@type\":\"EntryPoint\",\"urlTemplate\":\"https:\/\/hycleaner.blackpeppers.de\/es\/?s={search_term_string}\"},\"query-input\":{\"@type\":\"PropertyValueSpecification\",\"valueRequired\":true,\"valueName\":\"search_term_string\"}}],\"inLanguage\":\"es\"},{\"@type\":\"Organization\",\"@id\":\"https:\/\/hycleaner.blackpeppers.de\/es\/#organization\",\"name\":\"hyCLEANER\u00ae\",\"url\":\"https:\/\/hycleaner.blackpeppers.de\/es\/\",\"logo\":{\"@type\":\"ImageObject\",\"inLanguage\":\"es\",\"@id\":\"https:\/\/hycleaner.blackpeppers.de\/es\/#\/schema\/logo\/image\/\",\"url\":\"https:\/\/hycleaner.blackpeppers.de\/wp-content\/uploads\/2025\/08\/hyCLEANER_Logo-1.webp\",\"contentUrl\":\"https:\/\/hycleaner.blackpeppers.de\/wp-content\/uploads\/2025\/08\/hyCLEANER_Logo-1.webp\",\"width\":351,\"height\":99,\"caption\":\"hyCLEANER\u00ae\"},\"image\":{\"@id\":\"https:\/\/hycleaner.blackpeppers.de\/es\/#\/schema\/logo\/image\/\"}}]}<\/script>\n<!-- \/ Yoast SEO plugin. -->","yoast_head_json":{"title":"Contacto | hyCLEANER","description":"Su contacto con hyCLEANER: por tel\u00e9fono, WhatsApp, correo electr\u00f3nico o simplemente a trav\u00e9s de nuestro formulario de contacto. \u00a1Nos encantar\u00e1 saber de usted!","robots":{"index":"noindex","follow":"nofollow"},"og_locale":"es_ES","og_type":"article","og_title":"Contacto | hyCLEANER","og_description":"Su contacto con hyCLEANER: por tel\u00e9fono, WhatsApp, correo electr\u00f3nico o simplemente a trav\u00e9s de nuestro formulario de contacto. \u00a1Nos encantar\u00e1 saber de usted!","og_url":"https:\/\/hycleaner.blackpeppers.de\/es\/contacto\/","og_site_name":"hyCLEANER\u00ae","article_modified_time":"2025-11-17T12:08:14+00:00","og_image":[{"width":2560,"height":867,"url":"https:\/\/hycleaner.blackpeppers.de\/wp-content\/uploads\/2025\/10\/header-kontakt-3840x1300-01-scaled.webp","type":"image\/webp"}],"twitter_card":"summary_large_image","schema":{"@context":"https:\/\/schema.org","@graph":[{"@type":"WebPage","@id":"https:\/\/hycleaner.blackpeppers.de\/es\/contacto\/","url":"https:\/\/hycleaner.blackpeppers.de\/es\/contacto\/","name":"Contacto | hyCLEANER","isPartOf":{"@id":"https:\/\/hycleaner.blackpeppers.de\/es\/#website"},"primaryImageOfPage":{"@id":"https:\/\/hycleaner.blackpeppers.de\/es\/contacto\/#primaryimage"},"image":{"@id":"https:\/\/hycleaner.blackpeppers.de\/es\/contacto\/#primaryimage"},"thumbnailUrl":"https:\/\/hycleaner.blackpeppers.de\/wp-content\/uploads\/2025\/10\/header-kontakt-3840x1300-01-scaled.webp","datePublished":"2025-10-06T09:59:09+00:00","dateModified":"2025-11-17T12:08:14+00:00","description":"Su contacto con hyCLEANER: por tel\u00e9fono, WhatsApp, correo electr\u00f3nico o simplemente a trav\u00e9s de nuestro formulario de contacto. \u00a1Nos encantar\u00e1 saber de usted!","breadcrumb":{"@id":"https:\/\/hycleaner.blackpeppers.de\/es\/contacto\/#breadcrumb"},"inLanguage":"es","potentialAction":[{"@type":"ReadAction","target":["https:\/\/hycleaner.blackpeppers.de\/es\/contacto\/"]}]},{"@type":"ImageObject","inLanguage":"es","@id":"https:\/\/hycleaner.blackpeppers.de\/es\/contacto\/#primaryimage","url":"https:\/\/hycleaner.blackpeppers.de\/wp-content\/uploads\/2025\/10\/header-kontakt-3840x1300-01-scaled.webp","contentUrl":"https:\/\/hycleaner.blackpeppers.de\/wp-content\/uploads\/2025\/10\/header-kontakt-3840x1300-01-scaled.webp"},{"@type":"BreadcrumbList","@id":"https:\/\/hycleaner.blackpeppers.de\/es\/contacto\/#breadcrumb","itemListElement":[{"@type":"ListItem","position":1,"name":"Startseite","item":"https:\/\/hycleaner.blackpeppers.de\/es\/"},{"@type":"ListItem","position":2,"name":"Contacto"}]},{"@type":"WebSite","@id":"https:\/\/hycleaner.blackpeppers.de\/es\/#website","url":"https:\/\/hycleaner.blackpeppers.de\/es\/","name":"hyCLEANER\u00ae","description":"Experte f\u00fcr Reinigungsroboter","publisher":{"@id":"https:\/\/hycleaner.blackpeppers.de\/es\/#organization"},"potentialAction":[{"@type":"SearchAction","target":{"@type":"EntryPoint","urlTemplate":"https:\/\/hycleaner.blackpeppers.de\/es\/?s={search_term_string}"},"query-input":{"@type":"PropertyValueSpecification","valueRequired":true,"valueName":"search_term_string"}}],"inLanguage":"es"},{"@type":"Organization","@id":"https:\/\/hycleaner.blackpeppers.de\/es\/#organization","name":"hyCLEANER\u00ae","url":"https:\/\/hycleaner.blackpeppers.de\/es\/","logo":{"@type":"ImageObject","inLanguage":"es","@id":"https:\/\/hycleaner.blackpeppers.de\/es\/#\/schema\/logo\/image\/","url":"https:\/\/hycleaner.blackpeppers.de\/wp-content\/uploads\/2025\/08\/hyCLEANER_Logo-1.webp","contentUrl":"https:\/\/hycleaner.blackpeppers.de\/wp-content\/uploads\/2025\/08\/hyCLEANER_Logo-1.webp","width":351,"height":99,"caption":"hyCLEANER\u00ae"},"image":{"@id":"https:\/\/hycleaner.blackpeppers.de\/es\/#\/schema\/logo\/image\/"}}]}},"_links":{"self":[{"href":"https:\/\/hycleaner.blackpeppers.de\/es\/wp-json\/wp\/v2\/pages\/13947","targetHints":{"allow":["GET"]}}],"collection":[{"href":"https:\/\/hycleaner.blackpeppers.de\/es\/wp-json\/wp\/v2\/pages"}],"about":[{"href":"https:\/\/hycleaner.blackpeppers.de\/es\/wp-json\/wp\/v2\/types\/page"}],"author":[{"embeddable":true,"href":"https:\/\/hycleaner.blackpeppers.de\/es\/wp-json\/wp\/v2\/users\/1"}],"replies":[{"embeddable":true,"href":"https:\/\/hycleaner.blackpeppers.de\/es\/wp-json\/wp\/v2\/comments?post=13947"}],"version-history":[{"count":2,"href":"https:\/\/hycleaner.blackpeppers.de\/es\/wp-json\/wp\/v2\/pages\/13947\/revisions"}],"predecessor-version":[{"id":14659,"href":"https:\/\/hycleaner.blackpeppers.de\/es\/wp-json\/wp\/v2\/pages\/13947\/revisions\/14659"}],"wp:attachment":[{"href":"https:\/\/hycleaner.blackpeppers.de\/es\/wp-json\/wp\/v2\/media?parent=13947"}],"curies":[{"name":"wp","href":"https:\/\/api.w.org\/{rel}","templated":true}]}}